{"id":3078,"date":"2024-03-11T21:59:51","date_gmt":"2024-03-11T20:59:51","guid":{"rendered":"https:\/\/arkuswork.com\/?page_id=3078"},"modified":"2024-03-11T22:10:38","modified_gmt":"2024-03-11T21:10:38","slug":"digital-artwork-2","status":"publish","type":"page","link":"https:\/\/arkuswork.com\/?page_id=3078","title":{"rendered":"Digital Artwork"},"content":{"rendered":"\n<h2 class=\"gb-headline gb-headline-643881e1 gb-headline-text\"><strong>Le Digital Artwork est une cr\u00e9ation m\u00e9langeant une photo et du dessin num\u00e9rique sur Photoshop. <\/strong><br>Je travaille en g\u00e9n\u00e9ral \u00e0 partir de mes photographies mais les commandes sont \u00e9galement possibles avec vos images. <\/h2>\n\n\n\n<p class=\"has-text-align-center has-contrast-2-color has-text-color has-link-color has-medium-font-size wp-elements-97a55d15ee7a634d1764e76b868da7b2\">Ces cr\u00e9ations sont uniques et totalement personnalis\u00e9es, dessin\u00e9es sur ma tablette graphique. <br><br>Je peux vous \u00e9tablir un devis sur demande. <br>Id\u00e9alement il faut que vous sachiez quel univers, quelles couleurs et quel style pourraient vous plaire. <\/p>\n\n\nngg_shortcode_0_placeholder\n<style>\/*! elementor - v3.20.0 - 11-03-2024 *\/<br \/>\n.elementor-image-gallery .gallery-item{display:inline-block;text-align:center;vertical-align:top;width:100%;max-width:100%;margin:0 auto}.elementor-image-gallery .gallery-item img{margin:0 auto}.elementor-image-gallery .gallery-item .gallery-caption{margin:0}.elementor-image-gallery figure img{display:block}.elementor-image-gallery figure figcaption{width:100%}.gallery-spacing-custom .elementor-image-gallery .gallery-icon{padding:0}@media (min-width:768px){.elementor-image-gallery .gallery-columns-2 .gallery-item{max-width:50%}.elementor-image-gallery .gallery-columns-3 .gallery-item{max-width:33.33%}.elementor-image-gallery .gallery-columns-4 .gallery-item{max-width:25%}.elementor-image-gallery .gallery-columns-5 .gallery-item{max-width:20%}.elementor-image-gallery .gallery-columns-6 .gallery-item{max-width:16.666%}.elementor-image-gallery .gallery-columns-7 .gallery-item{max-width:14.28%}.elementor-image-gallery .gallery-columns-8 .gallery-item{max-width:12.5%}.elementor-image-gallery .gallery-columns-9 .gallery-item{max-width:11.11%}.elementor-image-gallery .gallery-columns-10 .gallery-item{max-width:10%}}@media (min-width:480px) and (max-width:767px){.elementor-image-gallery .gallery.gallery-columns-2 .gallery-item,.elementor-image-gallery .gallery.gallery-columns-3 .gallery-item,.elementor-image-gallery .gallery.gallery-columns-4 .gallery-item,.elementor-image-gallery .gallery.gallery-columns-5 .gallery-item,.elementor-image-gallery .gallery.gallery-columns-6 .gallery-item,.elementor-image-gallery .gallery.gallery-columns-7 .gallery-item,.elementor-image-gallery .gallery.gallery-columns-8 .gallery-item,.elementor-image-gallery .gallery.gallery-columns-9 .gallery-item,.elementor-image-gallery .gallery.gallery-columns-10 .gallery-item{max-width:50%}}@media (max-width:479px){.elementor-image-gallery .gallery.gallery-columns-2 .gallery-item,.elementor-image-gallery .gallery.gallery-columns-3 .gallery-item,.elementor-image-gallery .gallery.gallery-columns-4 .gallery-item,.elementor-image-gallery .gallery.gallery-columns-5 .gallery-item,.elementor-image-gallery .gallery.gallery-columns-6 .gallery-item,.elementor-image-gallery .gallery.gallery-columns-7 .gallery-item,.elementor-image-gallery .gallery.gallery-columns-8 .gallery-item,.elementor-image-gallery .gallery.gallery-columns-9 .gallery-item,.elementor-image-gallery .gallery.gallery-columns-10 .gallery-item{max-width:100%}}<\/style>\n\n\n<p><\/p>\n","protected":false},"excerpt":{"rendered":"<p>Le Digital Artwork est une cr\u00e9ation m\u00e9langeant une photo et du dessin num\u00e9rique sur Photoshop. Je travaille en g\u00e9n\u00e9ral \u00e0 partir de mes photographies mais les commandes sont \u00e9galement possibles avec vos images. Ces cr\u00e9ations sont uniques et totalement personnalis\u00e9es, dessin\u00e9es sur ma tablette graphique. Je peux vous \u00e9tablir un devis sur demande. Id\u00e9alement il &#8230; <a title=\"Digital Artwork\" class=\"read-more\" href=\"https:\/\/arkuswork.com\/?page_id=3078\" aria-label=\"En savoir plus sur Digital Artwork\">Lire la suite<\/a><\/p>\n","protected":false},"author":2,"featured_media":3097,"parent":3130,"menu_order":0,"comment_status":"closed","ping_status":"closed","template":"","meta":{"om_disable_all_campaigns":false,"_monsterinsights_skip_tracking":false,"_monsterinsights_sitenote_active":false,"_monsterinsights_sitenote_note":"","_monsterinsights_sitenote_category":0,"_uf_show_specific_survey":0,"_uf_disable_surveys":false,"ngg_post_thumbnail":0,"footnotes":""},"class_list":["post-3078","page","type-page","status-publish","has-post-thumbnail"],"aioseo_notices":[],"_links":{"self":[{"href":"https:\/\/arkuswork.com\/index.php?rest_route=\/wp\/v2\/pages\/3078","targetHints":{"allow":["GET"]}}],"collection":[{"href":"https:\/\/arkuswork.com\/index.php?rest_route=\/wp\/v2\/pages"}],"about":[{"href":"https:\/\/arkuswork.com\/index.php?rest_route=\/wp\/v2\/types\/page"}],"author":[{"embeddable":true,"href":"https:\/\/arkuswork.com\/index.php?rest_route=\/wp\/v2\/users\/2"}],"replies":[{"embeddable":true,"href":"https:\/\/arkuswork.com\/index.php?rest_route=%2Fwp%2Fv2%2Fcomments&post=3078"}],"version-history":[{"count":7,"href":"https:\/\/arkuswork.com\/index.php?rest_route=\/wp\/v2\/pages\/3078\/revisions"}],"predecessor-version":[{"id":3137,"href":"https:\/\/arkuswork.com\/index.php?rest_route=\/wp\/v2\/pages\/3078\/revisions\/3137"}],"up":[{"embeddable":true,"href":"https:\/\/arkuswork.com\/index.php?rest_route=\/wp\/v2\/pages\/3130"}],"wp:featuredmedia":[{"embeddable":true,"href":"https:\/\/arkuswork.com\/index.php?rest_route=\/wp\/v2\/media\/3097"}],"wp:attachment":[{"href":"https:\/\/arkuswork.com\/index.php?rest_route=%2Fwp%2Fv2%2Fmedia&parent=3078"}],"curies":[{"name":"wp","href":"https:\/\/api.w.org\/{rel}","templated":true}]}}